{"id":216,"date":"2021-02-01T11:12:41","date_gmt":"2021-02-01T11:12:41","guid":{"rendered":"https:\/\/labastidedelorme.com\/contacts\/"},"modified":"2024-05-31T14:13:29","modified_gmt":"2024-05-31T12:13:29","slug":"contacts","status":"publish","type":"page","link":"https:\/\/labastidedelorme.com\/en\/contacts\/","title":{"rendered":"Contact"},"content":{"rendered":"\t\t<div data-elementor-type=\"wp-page\" data-elementor-id=\"216\" class=\"elementor elementor-216\" data-elementor-post-type=\"page\">\n\t\t\t\t\t\t<section class=\"elementor-section elementor-top-section elementor-element elementor-element-d8c465e elementor-section-full_width elementor-section-height-default elementor-section-height-default sc_fly_static\" data-id=\"d8c465e\" data-element_type=\"section\" data-e-type=\"section\" data-settings=\"{&quot;background_background&quot;:&quot;classic&quot;}\">\n\t\t\t\t\t\t<div class=\"elementor-container elementor-column-gap-no\">\n\t\t\t\t\t<div class=\"elementor-column elementor-col-100 elementor-top-column elementor-element elementor-element-12d9133 sc_content_align_inherit sc_layouts_column_icons_position_left sc_fly_static\" data-id=\"12d9133\" data-element_type=\"column\" data-e-type=\"column\">\n\t\t\t<div class=\"elementor-widget-wrap elementor-element-populated\">\n\t\t\t\t\t\t<div class=\"elementor-element elementor-element-8e68588 sc_height_huge sc_fly_static elementor-widget elementor-widget-spacer\" data-id=\"8e68588\" data-element_type=\"widget\" data-e-type=\"widget\" data-widget_type=\"spacer.default\">\n\t\t\t\t<div class=\"elementor-widget-container\">\n\t\t\t\t\t\t\t<div class=\"elementor-spacer\">\n\t\t\t<div class=\"elementor-spacer-inner\"><\/div>\n\t\t<\/div>\n\t\t\t\t\t\t<\/div>\n\t\t\t\t<\/div>\n\t\t\t\t<section class=\"elementor-section elementor-inner-section elementor-element elementor-element-217b797 elementor-section-boxed elementor-section-height-default elementor-section-height-default sc_fly_static\" data-id=\"217b797\" data-element_type=\"section\" data-e-type=\"section\">\n\t\t\t\t\t\t\t<div class=\"elementor-background-overlay\"><\/div>\n\t\t\t\t\t\t\t<div class=\"elementor-container elementor-column-gap-no\">\n\t\t\t\t\t<div class=\"elementor-column elementor-col-50 elementor-inner-column elementor-element elementor-element-a3afb21 sc_content_align_inherit sc_layouts_column_icons_position_left sc_fly_static\" data-id=\"a3afb21\" data-element_type=\"column\" data-e-type=\"column\">\n\t\t\t<div class=\"elementor-widget-wrap elementor-element-populated\">\n\t\t\t\t\t\t<div class=\"elementor-element elementor-element-d1c34ca sc_fly_static elementor-widget elementor-widget-trx_sc_title\" data-id=\"d1c34ca\" data-element_type=\"widget\" data-e-type=\"widget\" data-widget_type=\"trx_sc_title.default\">\n\t\t\t\t<div class=\"elementor-widget-container\">\n\t\t\t\t\t<div\t\tclass=\"sc_title sc_title_accent\" ><span class=\"sc_item_subtitle sc_title_subtitle sc_item_subtitle_above sc_item_title_style_accent sc_item_subtitle_with_custom_color trx_addons_inline_1471788596\">Contactez-nous<\/span><h1 class=\"sc_item_title sc_title_title sc_item_title_style_accent sc_item_title_tag trx_addons_inline_1360597008\"\n\t\t\t><span class=\"sc_item_title_text\">Vous d\u00e9sirez louer notre Bastide ?<\/span><\/h1><div class=\"sc_item_descr sc_title_descr\"><p>Pour toute demande de r\u00e9servation ou d'informations suppl\u00e9mentaires, contactez-nous ! <\/p>\n<\/div><\/div>\t\t\t\t<\/div>\n\t\t\t\t<\/div>\n\t\t\t\t<div class=\"elementor-element elementor-element-b8ca839 sc_fly_static elementor-widget elementor-widget-spacer\" data-id=\"b8ca839\" data-element_type=\"widget\" data-e-type=\"widget\" data-widget_type=\"spacer.default\">\n\t\t\t\t<div class=\"elementor-widget-container\">\n\t\t\t\t\t\t\t<div class=\"elementor-spacer\">\n\t\t\t<div class=\"elementor-spacer-inner\"><\/div>\n\t\t<\/div>\n\t\t\t\t\t\t<\/div>\n\t\t\t\t<\/div>\n\t\t\t\t<div class=\"elementor-element elementor-element-fe34cf2 sc_fly_static elementor-widget elementor-widget-trx_sc_icons\" data-id=\"fe34cf2\" data-element_type=\"widget\" data-e-type=\"widget\" data-widget_type=\"trx_sc_icons.default\">\n\t\t\t\t<div class=\"elementor-widget-container\">\n\t\t\t\t\t<div \tclass=\"sc_icons sc_icons_simple sc_icons_size_small sc_align_none\" ><div class=\"sc_icons_item sc_icons_item_linked\"><div class=\"sc_icons_icon sc_icon_type_ icon-marker\" style=\"color: var(--e-global-color-primary)\" ><span class=\"sc_icon_type_ icon-marker\" style=\"color: var(--e-global-color-primary)\"><\/span><\/div><div class=\"sc_icons_item_details\"><div class=\"sc_icons_item_description\"><span>La Bastide de l'Orme, M\u00e9nerbes 84560<\/span><\/div><a href=\"https:\/\/www.google.com\/search?q=m%C3%A9nerbes&#038;rlz=1C1GCEU_frFR978FR978&#038;oq=m%C3%A9nerbes&#038;gs_lcrp=EgZjaHJvbWUqBwgAEAAYjwIyBwgAEAAYjwIyCQgBEC4YQxiKBTIGCAIQRRhAMgwIAxAuGBQYhwIYgAQyBwgEEAAYgAQyBggFEEUYPDIGCAYQRRg8MgYIBxBFGDzSAQgxMzgyajBqN6gCALACAA&#038;sourceid=chrome&#038;ie=UTF-8\"\r\n                        class=\"sc_icons_item_link\" target=\"_blank\">\r\n                        <\/a><\/div><\/div><div class=\"sc_icons_item sc_icons_item_linked\"><div class=\"sc_icons_icon sc_icon_type_ icon-iphone\" style=\"color: var(--e-global-color-primary)\" ><span class=\"sc_icon_type_ icon-iphone\" style=\"color: var(--e-global-color-primary)\"><\/span><\/div><div class=\"sc_icons_item_details\"><div class=\"sc_icons_item_description\"><span>0648590738<\/span><\/div><a href=\"tel:0648590738\"\r\n                        class=\"sc_icons_item_link\">\r\n                        <\/a><\/div><\/div><div class=\"sc_icons_item with_more\"><div class=\"sc_icons_icon sc_icon_type_ icon-envelope-2\" style=\"color: var(--e-global-color-primary)\" ><span class=\"sc_icon_type_ icon-envelope-2\" style=\"color: var(--e-global-color-primary)\"><\/span><\/div><div class=\"sc_icons_item_details\"><div class=\"sc_icons_item_description\"><span><a href=\"mailto: bastidedelorme@gmail.com\"> bastidedelorme@gmail.com<\/a><\/span><\/div><\/div><\/div><div class=\"sc_icons_item with_more\"><div class=\"sc_icons_icon sc_icon_type_ icon-instagramm\" style=\"color: var(--e-global-color-primary)\" ><span class=\"sc_icon_type_ icon-instagramm\" style=\"color: var(--e-global-color-primary)\"><\/span><\/div><div class=\"sc_icons_item_details\"><div class=\"sc_icons_item_description\"><span><a href=\"https:\/\/www.instagram.com\/labastidedelorme\/?hl=fr\">@labastidedelorme<\/a><\/span><\/div><\/div><\/div><\/div><!-- \/.sc_icons -->\t\t\t\t<\/div>\n\t\t\t\t<\/div>\n\t\t\t\t<div class=\"elementor-element elementor-element-d8b6df1 sc_fly_static elementor-widget elementor-widget-spacer\" data-id=\"d8b6df1\" data-element_type=\"widget\" data-e-type=\"widget\" data-widget_type=\"spacer.default\">\n\t\t\t\t<div class=\"elementor-widget-container\">\n\t\t\t\t\t\t\t<div class=\"elementor-spacer\">\n\t\t\t<div class=\"elementor-spacer-inner\"><\/div>\n\t\t<\/div>\n\t\t\t\t\t\t<\/div>\n\t\t\t\t<\/div>\n\t\t\t\t\t<\/div>\n\t\t<\/div>\n\t\t\t\t<div class=\"elementor-column elementor-col-50 elementor-inner-column elementor-element elementor-element-77b5f86 sc_content_align_inherit sc_layouts_column_icons_position_left sc_fly_static\" data-id=\"77b5f86\" data-element_type=\"column\" data-e-type=\"column\">\n\t\t\t<div class=\"elementor-widget-wrap elementor-element-populated\">\n\t\t\t\t\t\t<div class=\"elementor-element elementor-element-7385228 sc_fly_static elementor-widget elementor-widget-heading\" data-id=\"7385228\" data-element_type=\"widget\" data-e-type=\"widget\" data-widget_type=\"heading.default\">\n\t\t\t\t<div class=\"elementor-widget-container\">\n\t\t\t\t\t<h6 class=\"elementor-heading-title elementor-size-default\">R\u00e9servez notre Bastide en remplissant le formulaire ci-dessous<\/h6>\t\t\t\t<\/div>\n\t\t\t\t<\/div>\n\t\t\t\t<div class=\"elementor-element elementor-element-672c4bd sc_fly_static elementor-widget elementor-widget-spacer\" data-id=\"672c4bd\" data-element_type=\"widget\" data-e-type=\"widget\" data-widget_type=\"spacer.default\">\n\t\t\t\t<div class=\"elementor-widget-container\">\n\t\t\t\t\t\t\t<div class=\"elementor-spacer\">\n\t\t\t<div class=\"elementor-spacer-inner\"><\/div>\n\t\t<\/div>\n\t\t\t\t\t\t<\/div>\n\t\t\t\t<\/div>\n\t\t\t\t<div class=\"elementor-element elementor-element-92b9694 elementor-button-align-stretch sc_fly_static elementor-widget elementor-widget-form\" data-id=\"92b9694\" data-element_type=\"widget\" data-e-type=\"widget\" data-settings=\"{&quot;step_next_label&quot;:&quot;Suivant&quot;,&quot;step_previous_label&quot;:&quot;Pr\\u00e9c\\u00e9dent&quot;,&quot;button_width&quot;:&quot;100&quot;,&quot;step_type&quot;:&quot;number_text&quot;,&quot;step_icon_shape&quot;:&quot;circle&quot;}\" data-widget_type=\"form.default\">\n\t\t\t\t<div class=\"elementor-widget-container\">\n\t\t\t\t\t\t\t<form class=\"elementor-form\" method=\"post\" name=\"R\u00e9servation Bastide\" aria-label=\"R\u00e9servation Bastide\">\n\t\t\t<input type=\"hidden\" name=\"post_id\" value=\"216\"\/>\n\t\t\t<input type=\"hidden\" name=\"form_id\" value=\"92b9694\"\/>\n\t\t\t<input type=\"hidden\" name=\"referer_title\" value=\"R\u00e9server notre Bastide - Contact : La Bastide de L&#039;Orme\" \/>\n\n\t\t\t\t\t\t\t<input type=\"hidden\" name=\"queried_id\" value=\"216\"\/>\n\t\t\t\n\t\t\t<div class=\"elementor-form-fields-wrapper elementor-labels-\">\n\t\t\t\t\t\t\t\t<div class=\"elementor-field-type-text elementor-field-group elementor-column elementor-field-group-name elementor-col-100 elementor-field-required\">\n\t\t\t\t\t\t\t\t\t\t\t\t<label for=\"form-field-name\" class=\"elementor-field-label elementor-screen-only\">\n\t\t\t\t\t\t\t\tNom\t\t\t\t\t\t\t<\/label>\n\t\t\t\t\t\t\t\t\t\t\t\t\t\t<input size=\"1\" type=\"text\" name=\"form_fields[name]\" id=\"form-field-name\" class=\"elementor-field elementor-size-sm  elementor-field-textual\" placeholder=\" Nom, Pr\u00e9nom\" required=\"required\">\n\t\t\t\t\t\t\t\t\t\t\t<\/div>\n\t\t\t\t\t\t\t\t<div class=\"elementor-field-type-email elementor-field-group elementor-column elementor-field-group-email elementor-col-50 elementor-field-required\">\n\t\t\t\t\t\t\t\t\t\t\t\t<label for=\"form-field-email\" class=\"elementor-field-label elementor-screen-only\">\n\t\t\t\t\t\t\t\tE-mail\t\t\t\t\t\t\t<\/label>\n\t\t\t\t\t\t\t\t\t\t\t\t\t\t<input size=\"1\" type=\"email\" name=\"form_fields[email]\" id=\"form-field-email\" class=\"elementor-field elementor-size-sm  elementor-field-textual\" placeholder=\" E-mail\" required=\"required\">\n\t\t\t\t\t\t\t\t\t\t\t<\/div>\n\t\t\t\t\t\t\t\t<div class=\"elementor-field-type-tel elementor-field-group elementor-column elementor-field-group-field_fe9a596 elementor-col-50 elementor-field-required\">\n\t\t\t\t\t\t\t\t\t\t\t\t<label for=\"form-field-field_fe9a596\" class=\"elementor-field-label elementor-screen-only\">\n\t\t\t\t\t\t\t\tT\u00e9l.\t\t\t\t\t\t\t<\/label>\n\t\t\t\t\t\t\t\t<input size=\"1\" type=\"tel\" name=\"form_fields[field_fe9a596]\" id=\"form-field-field_fe9a596\" class=\"elementor-field elementor-size-sm  elementor-field-textual\" placeholder=\" T\u00e9l\u00e9phone\" required=\"required\" pattern=\"[0-9()#&amp;+*-=.]+\" title=\"Only numbers and phone characters (#, -, *, etc) are accepted.\">\n\n\t\t\t\t\t\t<\/div>\n\t\t\t\t\t\t\t\t<div class=\"elementor-field-type-date elementor-field-group elementor-column elementor-field-group-field_e5175e6 elementor-col-33 elementor-field-required\">\n\t\t\t\t\t\t\t\t\t\t\t\t<label for=\"form-field-field_e5175e6\" class=\"elementor-field-label elementor-screen-only\">\n\t\t\t\t\t\t\t\tDate d\u00e9but\t\t\t\t\t\t\t<\/label>\n\t\t\t\t\t\t\n\t\t<input type=\"date\" name=\"form_fields[field_e5175e6]\" id=\"form-field-field_e5175e6\" class=\"elementor-field elementor-size-sm  elementor-field-textual elementor-date-field elementor-use-native\" placeholder=\" Date de d\u00e9but de votre r\u00e9servation\" required=\"required\" pattern=\"[0-9]{4}-[0-9]{2}-[0-9]{2}\">\n\t\t\t\t\t\t<\/div>\n\t\t\t\t\t\t\t\t<div class=\"elementor-field-type-date elementor-field-group elementor-column elementor-field-group-field_de841fb elementor-col-33 elementor-field-required\">\n\t\t\t\t\t\t\t\t\t\t\t\t<label for=\"form-field-field_de841fb\" class=\"elementor-field-label elementor-screen-only\">\n\t\t\t\t\t\t\t\tDate fin\t\t\t\t\t\t\t<\/label>\n\t\t\t\t\t\t\n\t\t<input type=\"date\" name=\"form_fields[field_de841fb]\" id=\"form-field-field_de841fb\" class=\"elementor-field elementor-size-sm  elementor-field-textual elementor-date-field elementor-use-native\" placeholder=\" Date de fin de votre r\u00e9servation\" required=\"required\" pattern=\"[0-9]{4}-[0-9]{2}-[0-9]{2}\">\n\t\t\t\t\t\t<\/div>\n\t\t\t\t\t\t\t\t<div class=\"elementor-field-type-number elementor-field-group elementor-column elementor-field-group-field_169f4f4 elementor-col-33\">\n\t\t\t\t\t\t\t\t\t\t\t\t<label for=\"form-field-field_169f4f4\" class=\"elementor-field-label elementor-screen-only\">\n\t\t\t\t\t\t\t\tNbr personnes\t\t\t\t\t\t\t<\/label>\n\t\t\t\t\t\t\t\t\t<input type=\"number\" name=\"form_fields[field_169f4f4]\" id=\"form-field-field_169f4f4\" class=\"elementor-field elementor-size-sm  elementor-field-textual\" placeholder=\" Nombre de personnes\" min=\"\" max=\"20\" >\n\t\t\t\t\t\t<\/div>\n\t\t\t\t\t\t\t\t<div class=\"elementor-field-type-textarea elementor-field-group elementor-column elementor-field-group-message elementor-col-100\">\n\t\t\t\t\t\t\t\t\t\t\t\t<label for=\"form-field-message\" class=\"elementor-field-label elementor-screen-only\">\n\t\t\t\t\t\t\t\tMessage\t\t\t\t\t\t\t<\/label>\n\t\t\t\t\t\t<textarea class=\"elementor-field-textual elementor-field  elementor-size-sm\" name=\"form_fields[message]\" id=\"form-field-message\" rows=\"4\" placeholder=\"Informations suppl\u00e9mentaires\"><\/textarea>\t\t\t\t<\/div>\n\t\t\t\t\t\t\t\t<div class=\"elementor-field-type-recaptcha_v3 elementor-field-group elementor-column elementor-field-group-field_c9ba62c elementor-col-100 recaptcha_v3-bottomright\">\n\t\t\t\t\t<div class=\"elementor-field\" id=\"form-field-field_c9ba62c\"><div class=\"elementor-g-recaptcha\" data-sitekey=\"6LeYEEMpAAAAAK4Gq_yeJjQFhTIj4dsYVk6ddglK\" data-type=\"v3\" data-action=\"Form\" data-badge=\"bottomright\" data-size=\"invisible\"><\/div><\/div>\t\t\t\t<\/div>\n\t\t\t\t\t\t\t\t<div class=\"elementor-field-group elementor-column elementor-field-type-submit elementor-col-100 e-form__buttons\">\n\t\t\t\t\t<button class=\"elementor-button elementor-size-sm\" type=\"submit\">\n\t\t\t\t\t\t<span class=\"elementor-button-content-wrapper\">\n\t\t\t\t\t\t\t\t\t\t\t\t\t\t\t\t\t\t\t\t\t\t<span class=\"elementor-button-text\">Envoyer<\/span>\n\t\t\t\t\t\t\t\t\t\t\t\t\t<\/span>\n\t\t\t\t\t<\/button>\n\t\t\t\t<\/div>\n\t\t\t<\/div>\n\t\t<\/form>\n\t\t\t\t\t\t<\/div>\n\t\t\t\t<\/div>\n\t\t\t\t\t<\/div>\n\t\t<\/div>\n\t\t\t\t\t<\/div>\n\t\t<\/section>\n\t\t\t\t<div class=\"elementor-element elementor-element-b0e70e7 sc_height_huge sc_fly_static elementor-widget elementor-widget-spacer\" data-id=\"b0e70e7\" data-element_type=\"widget\" data-e-type=\"widget\" data-widget_type=\"spacer.default\">\n\t\t\t\t<div class=\"elementor-widget-container\">\n\t\t\t\t\t\t\t<div class=\"elementor-spacer\">\n\t\t\t<div class=\"elementor-spacer-inner\"><\/div>\n\t\t<\/div>\n\t\t\t\t\t\t<\/div>\n\t\t\t\t<\/div>\n\t\t\t\t<div class=\"elementor-element elementor-element-4b7aebf sc_height_huge sc_fly_static elementor-widget elementor-widget-spacer\" data-id=\"4b7aebf\" data-element_type=\"widget\" data-e-type=\"widget\" data-widget_type=\"spacer.default\">\n\t\t\t\t<div class=\"elementor-widget-container\">\n\t\t\t\t\t\t\t<div class=\"elementor-spacer\">\n\t\t\t<div class=\"elementor-spacer-inner\"><\/div>\n\t\t<\/div>\n\t\t\t\t\t\t<\/div>\n\t\t\t\t<\/div>\n\t\t\t\t\t<\/div>\n\t\t<\/div>\n\t\t\t\t\t<\/div>\n\t\t<\/section>\n\t\t\t\t<section class=\"elementor-section elementor-top-section elementor-element elementor-element-b35b84a elementor-section-full_width elementor-section-height-default elementor-section-height-default sc_fly_static\" data-id=\"b35b84a\" data-element_type=\"section\" data-e-type=\"section\" data-settings=\"{&quot;background_background&quot;:&quot;classic&quot;}\">\n\t\t\t\t\t\t<div class=\"elementor-container elementor-column-gap-no\">\n\t\t\t\t\t<div class=\"elementor-column elementor-col-100 elementor-top-column elementor-element elementor-element-d92b45a sc_content_align_inherit sc_layouts_column_icons_position_left sc_fly_static\" data-id=\"d92b45a\" data-element_type=\"column\" data-e-type=\"column\">\n\t\t\t<div class=\"elementor-widget-wrap elementor-element-populated\">\n\t\t\t\t\t\t<div class=\"elementor-element elementor-element-0a4c225 sc_fly_static elementor-widget elementor-widget-trx_sc_googlemap\" data-id=\"0a4c225\" data-element_type=\"widget\" data-e-type=\"widget\" data-widget_type=\"trx_sc_googlemap.default\">\n\t\t\t\t<div class=\"elementor-widget-container\">\n\t\t\t\t\t<div id=\"sc_googlemap_1669051648_wrap\" class=\"sc_googlemap_wrap\"><div id=\"sc_googlemap_1669051648\"\t\t\tclass=\"sc_item_content sc_map sc_googlemap sc_googlemap_default trx_addons_inline_1135791108\"\n\t\t\t \t\t\tdata-zoom=\"12\"\n\t\t\tdata-center=\"\"\n\t\t\tdata-style=\"extra\"\n\t\t\tdata-map-id=\"\"\n\t\t\tdata-cluster-icon=\"\"\n\t\t\t><iframe\n\t\t\t\t\t\tsrc=\"https:\/\/maps.google.com\/maps?t=m&output=embed&iwloc=near&z=12&q=M%C3%A9nerbes+84560\"\n\t\t\t\t\t\taria-label=\"\"><\/iframe><\/div><\/div>\t\t\t\t<\/div>\n\t\t\t\t<\/div>\n\t\t\t\t\t<\/div>\n\t\t<\/div>\n\t\t\t\t\t<\/div>\n\t\t<\/section>\n\t\t\t\t<\/div>\n\t\t","protected":false},"excerpt":{"rendered":"<p>Contactez-nous Vous d\u00e9sirez louer notre Bastide ? Pour toute demande de r\u00e9servation ou d&#8217;informations suppl\u00e9mentaires, contactez-nous ! La Bastide de l&#8217;Orme, M\u00e9nerbes 84560 0648590738 bastidedelorme@gmail.com@labastidedelorme R\u00e9servez notre Bastide en remplissant&hellip;<\/p>","protected":false},"author":3,"featured_media":0,"parent":0,"menu_order":0,"comment_status":"closed","ping_status":"closed","template":"","meta":{"footnotes":""},"class_list":["post-216","page","type-page","status-publish","hentry"],"yoast_head":"<!-- This site is optimized with the Yoast SEO plugin v27.5 - https:\/\/yoast.com\/product\/yoast-seo-wordpress\/ -->\n<title>R\u00e9server notre Bastide - Contact : La Bastide de L&#039;Orme<\/title>\n<meta name=\"description\" content=\"Vous d\u00e9sirez r\u00e9server notre Bastide ? Pour toute demande de r\u00e9servation ou d&#039;informations suppl\u00e9mentaires, contactez-nous !\" \/>\n<meta name=\"robots\" content=\"index, follow, max-snippet:-1, max-image-preview:large, max-video-preview:-1\" \/>\n<link rel=\"canonical\" href=\"https:\/\/labastidedelorme.com\/en\/contacts\/\" \/>\n<meta property=\"og:locale\" content=\"en_GB\" \/>\n<meta property=\"og:type\" content=\"article\" \/>\n<meta property=\"og:title\" content=\"R\u00e9server notre Bastide - Contact : La Bastide de L&#039;Orme\" \/>\n<meta property=\"og:description\" content=\"Vous d\u00e9sirez r\u00e9server notre Bastide ? Pour toute demande de r\u00e9servation ou d&#039;informations suppl\u00e9mentaires, contactez-nous !\" \/>\n<meta property=\"og:url\" content=\"https:\/\/labastidedelorme.com\/en\/contacts\/\" \/>\n<meta property=\"og:site_name\" content=\"La Bastide de L&#039;Orme\" \/>\n<meta property=\"article:modified_time\" content=\"2024-05-31T12:13:29+00:00\" \/>\n<meta name=\"twitter:card\" content=\"summary_large_image\" \/>\n<meta name=\"twitter:label1\" content=\"Estimated reading time\" \/>\n\t<meta name=\"twitter:data1\" content=\"1 minute\" \/>\n<script type=\"application\/ld+json\" class=\"yoast-schema-graph\">{\"@context\":\"https:\\\/\\\/schema.org\",\"@graph\":[{\"@type\":\"WebPage\",\"@id\":\"https:\\\/\\\/labastidedelorme.com\\\/contacts\\\/\",\"url\":\"https:\\\/\\\/labastidedelorme.com\\\/contacts\\\/\",\"name\":\"R\u00e9server notre Bastide - Contact : La Bastide de L&#039;Orme\",\"isPartOf\":{\"@id\":\"https:\\\/\\\/labastidedelorme.com\\\/#website\"},\"datePublished\":\"2021-02-01T11:12:41+00:00\",\"dateModified\":\"2024-05-31T12:13:29+00:00\",\"description\":\"Vous d\u00e9sirez r\u00e9server notre Bastide ? Pour toute demande de r\u00e9servation ou d'informations suppl\u00e9mentaires, contactez-nous !\",\"breadcrumb\":{\"@id\":\"https:\\\/\\\/labastidedelorme.com\\\/contacts\\\/#breadcrumb\"},\"inLanguage\":\"en-GB\",\"potentialAction\":[{\"@type\":\"ReadAction\",\"target\":[\"https:\\\/\\\/labastidedelorme.com\\\/contacts\\\/\"]}]},{\"@type\":\"BreadcrumbList\",\"@id\":\"https:\\\/\\\/labastidedelorme.com\\\/contacts\\\/#breadcrumb\",\"itemListElement\":[{\"@type\":\"ListItem\",\"position\":1,\"name\":\"Accueil\",\"item\":\"https:\\\/\\\/labastidedelorme.com\\\/\"},{\"@type\":\"ListItem\",\"position\":2,\"name\":\"Contact\"}]},{\"@type\":\"WebSite\",\"@id\":\"https:\\\/\\\/labastidedelorme.com\\\/#website\",\"url\":\"https:\\\/\\\/labastidedelorme.com\\\/\",\"name\":\"La Bastide de L&#039;Orme\",\"description\":\"Votre Parenth\u00e8se Proven\u00e7al\",\"publisher\":{\"@id\":\"https:\\\/\\\/labastidedelorme.com\\\/#organization\"},\"potentialAction\":[{\"@type\":\"SearchAction\",\"target\":{\"@type\":\"EntryPoint\",\"urlTemplate\":\"https:\\\/\\\/labastidedelorme.com\\\/?s={search_term_string}\"},\"query-input\":{\"@type\":\"PropertyValueSpecification\",\"valueRequired\":true,\"valueName\":\"search_term_string\"}}],\"inLanguage\":\"en-GB\"},{\"@type\":\"Organization\",\"@id\":\"https:\\\/\\\/labastidedelorme.com\\\/#organization\",\"name\":\"La Bastide de L&#039;Orme\",\"url\":\"https:\\\/\\\/labastidedelorme.com\\\/\",\"logo\":{\"@type\":\"ImageObject\",\"inLanguage\":\"en-GB\",\"@id\":\"https:\\\/\\\/labastidedelorme.com\\\/#\\\/schema\\\/logo\\\/image\\\/\",\"url\":\"https:\\\/\\\/labastidedelorme.com\\\/wp-content\\\/uploads\\\/2023\\\/10\\\/Bastide-de-l-orme.png\",\"contentUrl\":\"https:\\\/\\\/labastidedelorme.com\\\/wp-content\\\/uploads\\\/2023\\\/10\\\/Bastide-de-l-orme.png\",\"width\":500,\"height\":500,\"caption\":\"La Bastide de L&#039;Orme\"},\"image\":{\"@id\":\"https:\\\/\\\/labastidedelorme.com\\\/#\\\/schema\\\/logo\\\/image\\\/\"}}]}<\/script>\n<!-- \/ Yoast SEO plugin. -->","yoast_head_json":{"title":"R\u00e9server notre Bastide - Contact : La Bastide de L&#039;Orme","description":"Vous d\u00e9sirez r\u00e9server notre Bastide ? Pour toute demande de r\u00e9servation ou d'informations suppl\u00e9mentaires, contactez-nous !","robots":{"index":"index","follow":"follow","max-snippet":"max-snippet:-1","max-image-preview":"max-image-preview:large","max-video-preview":"max-video-preview:-1"},"canonical":"https:\/\/labastidedelorme.com\/en\/contacts\/","og_locale":"en_GB","og_type":"article","og_title":"R\u00e9server notre Bastide - Contact : La Bastide de L&#039;Orme","og_description":"Vous d\u00e9sirez r\u00e9server notre Bastide ? Pour toute demande de r\u00e9servation ou d'informations suppl\u00e9mentaires, contactez-nous !","og_url":"https:\/\/labastidedelorme.com\/en\/contacts\/","og_site_name":"La Bastide de L&#039;Orme","article_modified_time":"2024-05-31T12:13:29+00:00","twitter_card":"summary_large_image","twitter_misc":{"Estimated reading time":"1 minute"},"schema":{"@context":"https:\/\/schema.org","@graph":[{"@type":"WebPage","@id":"https:\/\/labastidedelorme.com\/contacts\/","url":"https:\/\/labastidedelorme.com\/contacts\/","name":"R\u00e9server notre Bastide - Contact : La Bastide de L&#039;Orme","isPartOf":{"@id":"https:\/\/labastidedelorme.com\/#website"},"datePublished":"2021-02-01T11:12:41+00:00","dateModified":"2024-05-31T12:13:29+00:00","description":"Vous d\u00e9sirez r\u00e9server notre Bastide ? Pour toute demande de r\u00e9servation ou d'informations suppl\u00e9mentaires, contactez-nous !","breadcrumb":{"@id":"https:\/\/labastidedelorme.com\/contacts\/#breadcrumb"},"inLanguage":"en-GB","potentialAction":[{"@type":"ReadAction","target":["https:\/\/labastidedelorme.com\/contacts\/"]}]},{"@type":"BreadcrumbList","@id":"https:\/\/labastidedelorme.com\/contacts\/#breadcrumb","itemListElement":[{"@type":"ListItem","position":1,"name":"Accueil","item":"https:\/\/labastidedelorme.com\/"},{"@type":"ListItem","position":2,"name":"Contact"}]},{"@type":"WebSite","@id":"https:\/\/labastidedelorme.com\/#website","url":"https:\/\/labastidedelorme.com\/","name":"La Bastide de L&#039;Orme","description":"Votre Parenth\u00e8se Proven\u00e7al","publisher":{"@id":"https:\/\/labastidedelorme.com\/#organization"},"potentialAction":[{"@type":"SearchAction","target":{"@type":"EntryPoint","urlTemplate":"https:\/\/labastidedelorme.com\/?s={search_term_string}"},"query-input":{"@type":"PropertyValueSpecification","valueRequired":true,"valueName":"search_term_string"}}],"inLanguage":"en-GB"},{"@type":"Organization","@id":"https:\/\/labastidedelorme.com\/#organization","name":"La Bastide de L&#039;Orme","url":"https:\/\/labastidedelorme.com\/","logo":{"@type":"ImageObject","inLanguage":"en-GB","@id":"https:\/\/labastidedelorme.com\/#\/schema\/logo\/image\/","url":"https:\/\/labastidedelorme.com\/wp-content\/uploads\/2023\/10\/Bastide-de-l-orme.png","contentUrl":"https:\/\/labastidedelorme.com\/wp-content\/uploads\/2023\/10\/Bastide-de-l-orme.png","width":500,"height":500,"caption":"La Bastide de L&#039;Orme"},"image":{"@id":"https:\/\/labastidedelorme.com\/#\/schema\/logo\/image\/"}}]}},"_links":{"self":[{"href":"https:\/\/labastidedelorme.com\/en\/wp-json\/wp\/v2\/pages\/216","targetHints":{"allow":["GET"]}}],"collection":[{"href":"https:\/\/labastidedelorme.com\/en\/wp-json\/wp\/v2\/pages"}],"about":[{"href":"https:\/\/labastidedelorme.com\/en\/wp-json\/wp\/v2\/types\/page"}],"author":[{"embeddable":true,"href":"https:\/\/labastidedelorme.com\/en\/wp-json\/wp\/v2\/users\/3"}],"replies":[{"embeddable":true,"href":"https:\/\/labastidedelorme.com\/en\/wp-json\/wp\/v2\/comments?post=216"}],"version-history":[{"count":96,"href":"https:\/\/labastidedelorme.com\/en\/wp-json\/wp\/v2\/pages\/216\/revisions"}],"predecessor-version":[{"id":1791,"href":"https:\/\/labastidedelorme.com\/en\/wp-json\/wp\/v2\/pages\/216\/revisions\/1791"}],"wp:attachment":[{"href":"https:\/\/labastidedelorme.com\/en\/wp-json\/wp\/v2\/media?parent=216"}],"curies":[{"name":"wp","href":"https:\/\/api.w.org\/{rel}","templated":true}]}}